{"id":1582,"date":"2025-08-19T04:09:39","date_gmt":"2025-08-19T04:09:39","guid":{"rendered":"https:\/\/bejudoin.com\/?page_id=1582"},"modified":"2025-08-19T15:59:42","modified_gmt":"2025-08-19T15:59:42","slug":"be-judo-zen-hrvatski","status":"publish","type":"page","link":"https:\/\/bejudoin.com\/?page_id=1582&lang=hr","title":{"rendered":"Be Judo Zen &#8211; Hrvatski"},"content":{"rendered":"\t\t<div data-elementor-type=\"wp-page\" data-elementor-id=\"1582\" class=\"elementor elementor-1582\">\n\t\t\t\t\t\t<section class=\"elementor-section elementor-top-section elementor-element elementor-element-d70e846 elementor-section-boxed elementor-section-height-default elementor-section-height-default\" data-id=\"d70e846\" data-element_type=\"section\" data-e-type=\"section\">\n\t\t\t\t\t\t<div class=\"elementor-container elementor-column-gap-default\">\n\t\t\t\t\t<div class=\"elementor-column elementor-col-33 elementor-top-column elementor-element elementor-element-a3e99f4\" data-id=\"a3e99f4\" data-element_type=\"column\" data-e-type=\"column\">\n\t\t\t<div class=\"elementor-widget-wrap\">\n\t\t\t\t\t\t\t<\/div>\n\t\t<\/div>\n\t\t\t\t<div class=\"elementor-column elementor-col-33 elementor-top-column elementor-element elementor-element-8f12ebf\" data-id=\"8f12ebf\" data-element_type=\"column\" data-e-type=\"column\">\n\t\t\t<div class=\"elementor-widget-wrap elementor-element-populated\">\n\t\t\t\t\t\t<section class=\"elementor-section elementor-inner-section elementor-element elementor-element-4a9434c elementor-section-boxed elementor-section-height-default elementor-section-height-default\" data-id=\"4a9434c\" data-element_type=\"section\" data-e-type=\"section\">\n\t\t\t\t\t\t<div class=\"elementor-container elementor-column-gap-default\">\n\t\t\t\t\t<div class=\"elementor-column elementor-col-100 elementor-inner-column elementor-element elementor-element-776edd6\" data-id=\"776edd6\" data-element_type=\"column\" data-e-type=\"column\">\n\t\t\t<div class=\"elementor-widget-wrap elementor-element-populated\">\n\t\t\t\t\t\t<div class=\"elementor-element elementor-element-2ae5082 elementor-widget elementor-widget-elementskit-heading\" data-id=\"2ae5082\" data-element_type=\"widget\" data-e-type=\"widget\" data-widget_type=\"elementskit-heading.default\">\n\t\t\t\t<div class=\"elementor-widget-container\">\n\t\t\t\t\t<div class=\"ekit-wid-con\" ><div class=\"ekit-heading elementskit-section-title-wraper text_center   ekit_heading_tablet-   ekit_heading_mobile-\"><h2 class=\"ekit-heading--title elementskit-section-title \">O projektu <span>Be Judo Zen<\/span><\/h2><div class=\"ekit_heading_separetor_wraper ekit_heading_elementskit-border-divider elementskit-style-long\"><div class=\"elementskit-border-divider elementskit-style-long\"><\/div><\/div>\t\t\t\t<div class='ekit-heading__description'>\n\t\t\t\t\t<p>Be Judo Zen je nadogradnja prethodnog projekta Be Judo In.<\/p>\n<p><strong>\u201eDjeca koja se bolje osje\u0107aju, bolje i djeluju.\u201c<\/strong><\/p>\n<p>Be Judo Zen je projekt namijenjen poticanju mentalnog zdravlja i socijalne uklju\u010denosti u judu. Kroz stvaranje emocionalno sigurnih okru\u017eenja, unapre\u0111enje edukacije trenera te uklju\u010divanje cjelovitih praksi poput joge i kineziterapije, \u017eelimo podr\u017eati sporta\u0161e razli\u010ditih sposobnosti.<\/p>\n\t\t\t\t<\/div>\n\t\t\t<\/div><\/div>\t\t\t\t<\/div>\n\t\t\t\t<\/div>\n\t\t\t\t<div class=\"elementor-element elementor-element-7c0de44 elementor-widget elementor-widget-text-editor\" data-id=\"7c0de44\" data-element_type=\"widget\" data-e-type=\"widget\" data-widget_type=\"text-editor.default\">\n\t\t\t\t<div class=\"elementor-widget-container\">\n\t\t\t\t\t\t\t\t\t<p data-start=\"56\" data-end=\"86\"><strong data-start=\"56\" data-end=\"84\">Ciljevi i svrha projekta<\/strong><\/p><p data-start=\"88\" data-end=\"316\">S partnerima iz Hrvatske, Srbije i Slovenije sura\u0111ujemo na izgradnji uklju\u010divije i podr\u017eavaju\u0107e judokulture. Kroz obrazovne module, radionice i stru\u010dno suradnju, te\u017eimo tome da judo postane prostor u kojem svatko mo\u017ee uspjeti!<\/p>\t\t\t\t\t\t\t\t<\/div>\n\t\t\t\t<\/div>\n\t\t\t\t\t<\/div>\n\t\t<\/div>\n\t\t\t\t\t<\/div>\n\t\t<\/section>\n\t\t\t\t\t<\/div>\n\t\t<\/div>\n\t\t\t\t<div class=\"elementor-column elementor-col-33 elementor-top-column elementor-element elementor-element-0b8ddab\" data-id=\"0b8ddab\" data-element_type=\"column\" data-e-type=\"column\">\n\t\t\t<div class=\"elementor-widget-wrap\">\n\t\t\t\t\t\t\t<\/div>\n\t\t<\/div>\n\t\t\t\t\t<\/div>\n\t\t<\/section>\n\t\t\t\t<section class=\"elementor-section elementor-top-section elementor-element elementor-element-05dac2e elementor-section-boxed elementor-section-height-default elementor-section-height-default\" data-id=\"05dac2e\" data-element_type=\"section\" data-e-type=\"section\">\n\t\t\t\t\t\t<div class=\"elementor-container elementor-column-gap-default\">\n\t\t\t\t\t<div class=\"elementor-column elementor-col-16 elementor-top-column elementor-element elementor-element-6b34fe3\" data-id=\"6b34fe3\" data-element_type=\"column\" data-e-type=\"column\">\n\t\t\t<div class=\"elementor-widget-wrap\">\n\t\t\t\t\t\t\t<\/div>\n\t\t<\/div>\n\t\t\t\t<div class=\"elementor-column elementor-col-66 elementor-top-column elementor-element elementor-element-e02e0b1\" data-id=\"e02e0b1\" data-element_type=\"column\" data-e-type=\"column\">\n\t\t\t<div class=\"elementor-widget-wrap\">\n\t\t\t\t\t\t\t<\/div>\n\t\t<\/div>\n\t\t\t\t<div class=\"elementor-column elementor-col-16 elementor-top-column elementor-element elementor-element-84e8206\" data-id=\"84e8206\" data-element_type=\"column\" data-e-type=\"column\">\n\t\t\t<div class=\"elementor-widget-wrap\">\n\t\t\t\t\t\t\t<\/div>\n\t\t<\/div>\n\t\t\t\t\t<\/div>\n\t\t<\/section>\n\t\t\t\t<section class=\"elementor-section elementor-top-section elementor-element elementor-element-75c38e3 elementor-section-boxed elementor-section-height-default elementor-section-height-default\" data-id=\"75c38e3\" data-element_type=\"section\" data-e-type=\"section\">\n\t\t\t\t\t\t<div class=\"elementor-container elementor-column-gap-default\">\n\t\t\t\t\t<div class=\"elementor-column elementor-col-100 elementor-top-column elementor-element elementor-element-28d71f8\" data-id=\"28d71f8\" data-element_type=\"column\" data-e-type=\"column\">\n\t\t\t<div class=\"elementor-widget-wrap elementor-element-populated\">\n\t\t\t\t\t\t<div class=\"elementor-element elementor-element-e29bf37 elementor-widget elementor-widget-image\" data-id=\"e29bf37\" data-element_type=\"widget\" data-e-type=\"widget\" data-widget_type=\"image.default\">\n\t\t\t\t<div class=\"elementor-widget-container\">\n\t\t\t\t\t\t\t\t\t\t\t\t\t\t\t<img fetchpriority=\"high\" decoding=\"async\" width=\"560\" height=\"790\" src=\"https:\/\/bejudoin.com\/wp-content\/uploads\/2025\/08\/Posnetek-zaslona-2025-08-19-175838.png\" class=\"attachment-medium_large size-medium_large wp-image-1745\" alt=\"\" srcset=\"https:\/\/bejudoin.com\/wp-content\/uploads\/2025\/08\/Posnetek-zaslona-2025-08-19-175838.png 560w, https:\/\/bejudoin.com\/wp-content\/uploads\/2025\/08\/Posnetek-zaslona-2025-08-19-175838-213x300.png 213w\" sizes=\"(max-width: 560px) 100vw, 560px\" \/>\t\t\t\t\t\t\t\t\t\t\t\t\t\t\t<\/div>\n\t\t\t\t<\/div>\n\t\t\t\t<div class=\"elementor-element elementor-element-552069b elementor-widget elementor-widget-image\" data-id=\"552069b\" data-element_type=\"widget\" data-e-type=\"widget\" data-widget_type=\"image.default\">\n\t\t\t\t<div class=\"elementor-widget-container\">\n\t\t\t\t\t\t\t\t\t\t\t\t\t\t\t<img decoding=\"async\" width=\"558\" height=\"790\" src=\"https:\/\/bejudoin.com\/wp-content\/uploads\/2025\/08\/Posnetek-zaslona-2025-08-19-175845.png\" class=\"attachment-medium_large size-medium_large wp-image-1746\" alt=\"\" srcset=\"https:\/\/bejudoin.com\/wp-content\/uploads\/2025\/08\/Posnetek-zaslona-2025-08-19-175845.png 558w, https:\/\/bejudoin.com\/wp-content\/uploads\/2025\/08\/Posnetek-zaslona-2025-08-19-175845-212x300.png 212w\" sizes=\"(max-width: 558px) 100vw, 558px\" \/>\t\t\t\t\t\t\t\t\t\t\t\t\t\t\t<\/div>\n\t\t\t\t<\/div>\n\t\t\t\t\t<\/div>\n\t\t<\/div>\n\t\t\t\t\t<\/div>\n\t\t<\/section>\n\t\t\t\t<\/div>\n\t\t","protected":false},"excerpt":{"rendered":"<p>O projektu Be Judo Zen Be Judo Zen je nadogradnja prethodnog projekta Be Judo In. \u201eDjeca koja se bolje osje\u0107aju, bolje i djeluju.\u201c Be Judo Zen je projekt namijenjen poticanju mentalnog zdravlja i socijalne uklju\u010denosti u judu. Kroz stvaranje emocionalno sigurnih okru\u017eenja, unapre\u0111enje edukacije trenera te uklju\u010divanje cjelovitih praksi poput joge i kineziterapije, \u017eelimo podr\u017eati [&hellip;]<\/p>\n","protected":false},"author":4,"featured_media":0,"parent":0,"menu_order":0,"comment_status":"closed","ping_status":"closed","template":"elementor_header_footer","meta":{"footnotes":""},"class_list":["post-1582","page","type-page","status-publish","hentry"],"yoast_head":"<!-- This site is optimized with the Yoast SEO plugin v27.4 - https:\/\/yoast.com\/product\/yoast-seo-wordpress\/ -->\n<title>Be Judo Zen - Hrvatski - BE-JUDO-ZEN<\/title>\n<meta name=\"robots\" content=\"index, follow, max-snippet:-1, max-image-preview:large, max-video-preview:-1\" \/>\n<link rel=\"canonical\" href=\"https:\/\/bejudoin.com\/?page_id=1582&lang=hr\" \/>\n<meta property=\"og:locale\" content=\"en_US\" \/>\n<meta property=\"og:type\" content=\"article\" \/>\n<meta property=\"og:title\" content=\"Be Judo Zen - Hrvatski - BE-JUDO-ZEN\" \/>\n<meta property=\"og:description\" content=\"O projektu Be Judo Zen Be Judo Zen je nadogradnja prethodnog projekta Be Judo In. \u201eDjeca koja se bolje osje\u0107aju, bolje i djeluju.\u201c Be Judo Zen je projekt namijenjen poticanju mentalnog zdravlja i socijalne uklju\u010denosti u judu. Kroz stvaranje emocionalno sigurnih okru\u017eenja, unapre\u0111enje edukacije trenera te uklju\u010divanje cjelovitih praksi poput joge i kineziterapije, \u017eelimo podr\u017eati [&hellip;]\" \/>\n<meta property=\"og:url\" content=\"https:\/\/bejudoin.com\/?page_id=1582&amp;lang=hr\" \/>\n<meta property=\"og:site_name\" content=\"BE-JUDO-ZEN\" \/>\n<meta property=\"article:publisher\" content=\"https:\/\/www.facebook.com\/bejudoin\" \/>\n<meta property=\"article:modified_time\" content=\"2025-08-19T15:59:42+00:00\" \/>\n<meta property=\"og:image\" content=\"https:\/\/bejudoin.com\/wp-content\/uploads\/2025\/08\/Posnetek-zaslona-2025-08-19-175838.png\" \/>\n<meta name=\"twitter:card\" content=\"summary_large_image\" \/>\n<meta name=\"twitter:label1\" content=\"Est. reading time\" \/>\n\t<meta name=\"twitter:data1\" content=\"1 minute\" \/>\n<script type=\"application\/ld+json\" class=\"yoast-schema-graph\">{\"@context\":\"https:\\\/\\\/schema.org\",\"@graph\":[{\"@type\":\"WebPage\",\"@id\":\"https:\\\/\\\/bejudoin.com\\\/?page_id=1582&lang=hr\",\"url\":\"https:\\\/\\\/bejudoin.com\\\/?page_id=1582&lang=hr\",\"name\":\"Be Judo Zen - Hrvatski - BE-JUDO-ZEN\",\"isPartOf\":{\"@id\":\"https:\\\/\\\/bejudoin.com\\\/#website\"},\"primaryImageOfPage\":{\"@id\":\"https:\\\/\\\/bejudoin.com\\\/?page_id=1582&lang=hr#primaryimage\"},\"image\":{\"@id\":\"https:\\\/\\\/bejudoin.com\\\/?page_id=1582&lang=hr#primaryimage\"},\"thumbnailUrl\":\"https:\\\/\\\/bejudoin.com\\\/wp-content\\\/uploads\\\/2025\\\/08\\\/Posnetek-zaslona-2025-08-19-175838.png\",\"datePublished\":\"2025-08-19T04:09:39+00:00\",\"dateModified\":\"2025-08-19T15:59:42+00:00\",\"breadcrumb\":{\"@id\":\"https:\\\/\\\/bejudoin.com\\\/?page_id=1582&lang=hr#breadcrumb\"},\"inLanguage\":\"en-US\",\"potentialAction\":[{\"@type\":\"ReadAction\",\"target\":[\"https:\\\/\\\/bejudoin.com\\\/?page_id=1582&lang=hr\"]}]},{\"@type\":\"ImageObject\",\"inLanguage\":\"en-US\",\"@id\":\"https:\\\/\\\/bejudoin.com\\\/?page_id=1582&lang=hr#primaryimage\",\"url\":\"https:\\\/\\\/bejudoin.com\\\/wp-content\\\/uploads\\\/2025\\\/08\\\/Posnetek-zaslona-2025-08-19-175838.png\",\"contentUrl\":\"https:\\\/\\\/bejudoin.com\\\/wp-content\\\/uploads\\\/2025\\\/08\\\/Posnetek-zaslona-2025-08-19-175838.png\",\"width\":560,\"height\":790},{\"@type\":\"BreadcrumbList\",\"@id\":\"https:\\\/\\\/bejudoin.com\\\/?page_id=1582&lang=hr#breadcrumb\",\"itemListElement\":[{\"@type\":\"ListItem\",\"position\":1,\"name\":\"Home\",\"item\":\"https:\\\/\\\/bejudoin.com\\\/\"},{\"@type\":\"ListItem\",\"position\":2,\"name\":\"Be Judo Zen &#8211; Hrvatski\"}]},{\"@type\":\"WebSite\",\"@id\":\"https:\\\/\\\/bejudoin.com\\\/#website\",\"url\":\"https:\\\/\\\/bejudoin.com\\\/\",\"name\":\"BE-JUDO-ZEN\",\"description\":\"\",\"publisher\":{\"@id\":\"https:\\\/\\\/bejudoin.com\\\/#organization\"},\"alternateName\":\"Be Judo Inclusive\",\"potentialAction\":[{\"@type\":\"SearchAction\",\"target\":{\"@type\":\"EntryPoint\",\"urlTemplate\":\"https:\\\/\\\/bejudoin.com\\\/?s={search_term_string}\"},\"query-input\":{\"@type\":\"PropertyValueSpecification\",\"valueRequired\":true,\"valueName\":\"search_term_string\"}}],\"inLanguage\":\"en-US\"},{\"@type\":\"Organization\",\"@id\":\"https:\\\/\\\/bejudoin.com\\\/#organization\",\"name\":\"Be-Judo-In\",\"alternateName\":\"Be Judo Inclusive\",\"url\":\"https:\\\/\\\/bejudoin.com\\\/\",\"logo\":{\"@type\":\"ImageObject\",\"inLanguage\":\"en-US\",\"@id\":\"https:\\\/\\\/bejudoin.com\\\/#\\\/schema\\\/logo\\\/image\\\/\",\"url\":\"https:\\\/\\\/bejudoin.com\\\/wp-content\\\/uploads\\\/2025\\\/08\\\/image-1-1-1-1.png\",\"contentUrl\":\"https:\\\/\\\/bejudoin.com\\\/wp-content\\\/uploads\\\/2025\\\/08\\\/image-1-1-1-1.png\",\"width\":350,\"height\":164,\"caption\":\"Be-Judo-In\"},\"image\":{\"@id\":\"https:\\\/\\\/bejudoin.com\\\/#\\\/schema\\\/logo\\\/image\\\/\"},\"sameAs\":[\"https:\\\/\\\/www.facebook.com\\\/bejudoin\"]}]}<\/script>\n<!-- \/ Yoast SEO plugin. -->","yoast_head_json":{"title":"Be Judo Zen - Hrvatski - BE-JUDO-ZEN","robots":{"index":"index","follow":"follow","max-snippet":"max-snippet:-1","max-image-preview":"max-image-preview:large","max-video-preview":"max-video-preview:-1"},"canonical":"https:\/\/bejudoin.com\/?page_id=1582&lang=hr","og_locale":"en_US","og_type":"article","og_title":"Be Judo Zen - Hrvatski - BE-JUDO-ZEN","og_description":"O projektu Be Judo Zen Be Judo Zen je nadogradnja prethodnog projekta Be Judo In. \u201eDjeca koja se bolje osje\u0107aju, bolje i djeluju.\u201c Be Judo Zen je projekt namijenjen poticanju mentalnog zdravlja i socijalne uklju\u010denosti u judu. Kroz stvaranje emocionalno sigurnih okru\u017eenja, unapre\u0111enje edukacije trenera te uklju\u010divanje cjelovitih praksi poput joge i kineziterapije, \u017eelimo podr\u017eati [&hellip;]","og_url":"https:\/\/bejudoin.com\/?page_id=1582&lang=hr","og_site_name":"BE-JUDO-ZEN","article_publisher":"https:\/\/www.facebook.com\/bejudoin","article_modified_time":"2025-08-19T15:59:42+00:00","og_image":[{"url":"https:\/\/bejudoin.com\/wp-content\/uploads\/2025\/08\/Posnetek-zaslona-2025-08-19-175838.png","type":"","width":"","height":""}],"twitter_card":"summary_large_image","twitter_misc":{"Est. reading time":"1 minute"},"schema":{"@context":"https:\/\/schema.org","@graph":[{"@type":"WebPage","@id":"https:\/\/bejudoin.com\/?page_id=1582&lang=hr","url":"https:\/\/bejudoin.com\/?page_id=1582&lang=hr","name":"Be Judo Zen - Hrvatski - BE-JUDO-ZEN","isPartOf":{"@id":"https:\/\/bejudoin.com\/#website"},"primaryImageOfPage":{"@id":"https:\/\/bejudoin.com\/?page_id=1582&lang=hr#primaryimage"},"image":{"@id":"https:\/\/bejudoin.com\/?page_id=1582&lang=hr#primaryimage"},"thumbnailUrl":"https:\/\/bejudoin.com\/wp-content\/uploads\/2025\/08\/Posnetek-zaslona-2025-08-19-175838.png","datePublished":"2025-08-19T04:09:39+00:00","dateModified":"2025-08-19T15:59:42+00:00","breadcrumb":{"@id":"https:\/\/bejudoin.com\/?page_id=1582&lang=hr#breadcrumb"},"inLanguage":"en-US","potentialAction":[{"@type":"ReadAction","target":["https:\/\/bejudoin.com\/?page_id=1582&lang=hr"]}]},{"@type":"ImageObject","inLanguage":"en-US","@id":"https:\/\/bejudoin.com\/?page_id=1582&lang=hr#primaryimage","url":"https:\/\/bejudoin.com\/wp-content\/uploads\/2025\/08\/Posnetek-zaslona-2025-08-19-175838.png","contentUrl":"https:\/\/bejudoin.com\/wp-content\/uploads\/2025\/08\/Posnetek-zaslona-2025-08-19-175838.png","width":560,"height":790},{"@type":"BreadcrumbList","@id":"https:\/\/bejudoin.com\/?page_id=1582&lang=hr#breadcrumb","itemListElement":[{"@type":"ListItem","position":1,"name":"Home","item":"https:\/\/bejudoin.com\/"},{"@type":"ListItem","position":2,"name":"Be Judo Zen &#8211; Hrvatski"}]},{"@type":"WebSite","@id":"https:\/\/bejudoin.com\/#website","url":"https:\/\/bejudoin.com\/","name":"BE-JUDO-ZEN","description":"","publisher":{"@id":"https:\/\/bejudoin.com\/#organization"},"alternateName":"Be Judo Inclusive","potentialAction":[{"@type":"SearchAction","target":{"@type":"EntryPoint","urlTemplate":"https:\/\/bejudoin.com\/?s={search_term_string}"},"query-input":{"@type":"PropertyValueSpecification","valueRequired":true,"valueName":"search_term_string"}}],"inLanguage":"en-US"},{"@type":"Organization","@id":"https:\/\/bejudoin.com\/#organization","name":"Be-Judo-In","alternateName":"Be Judo Inclusive","url":"https:\/\/bejudoin.com\/","logo":{"@type":"ImageObject","inLanguage":"en-US","@id":"https:\/\/bejudoin.com\/#\/schema\/logo\/image\/","url":"https:\/\/bejudoin.com\/wp-content\/uploads\/2025\/08\/image-1-1-1-1.png","contentUrl":"https:\/\/bejudoin.com\/wp-content\/uploads\/2025\/08\/image-1-1-1-1.png","width":350,"height":164,"caption":"Be-Judo-In"},"image":{"@id":"https:\/\/bejudoin.com\/#\/schema\/logo\/image\/"},"sameAs":["https:\/\/www.facebook.com\/bejudoin"]}]}},"_links":{"self":[{"href":"https:\/\/bejudoin.com\/index.php?rest_route=\/wp\/v2\/pages\/1582","targetHints":{"allow":["GET"]}}],"collection":[{"href":"https:\/\/bejudoin.com\/index.php?rest_route=\/wp\/v2\/pages"}],"about":[{"href":"https:\/\/bejudoin.com\/index.php?rest_route=\/wp\/v2\/types\/page"}],"author":[{"embeddable":true,"href":"https:\/\/bejudoin.com\/index.php?rest_route=\/wp\/v2\/users\/4"}],"replies":[{"embeddable":true,"href":"https:\/\/bejudoin.com\/index.php?rest_route=%2Fwp%2Fv2%2Fcomments&post=1582"}],"version-history":[{"count":8,"href":"https:\/\/bejudoin.com\/index.php?rest_route=\/wp\/v2\/pages\/1582\/revisions"}],"predecessor-version":[{"id":1749,"href":"https:\/\/bejudoin.com\/index.php?rest_route=\/wp\/v2\/pages\/1582\/revisions\/1749"}],"wp:attachment":[{"href":"https:\/\/bejudoin.com\/index.php?rest_route=%2Fwp%2Fv2%2Fmedia&parent=1582"}],"curies":[{"name":"wp","href":"https:\/\/api.w.org\/{rel}","templated":true}]}}